{"id":179,"date":"2024-11-20T17:17:18","date_gmt":"2024-11-20T20:17:18","guid":{"rendered":"http:\/\/waps.com.br\/w1\/index.php\/mesmerize\/"},"modified":"2024-11-20T20:33:08","modified_gmt":"2024-11-20T23:33:08","slug":"mesmerize","status":"publish","type":"page","link":"http:\/\/waps.com.br\/w1\/index.php\/mesmerize\/","title":{"rendered":"Front Page"},"content":{"rendered":"<div  id=\"overlappable-4\" style=\"background-color: #ffffff;\" data-label=\"Overlappable\" data-id=\"overlappable-4\" data-export-id=\"overlappable-4\" data-category=\"overlappable\" class=\"overlappable-4 content-section content-section-spacing\" data-overlap=\"true\">\n<div  class=\"gridContainer\">\n<div  data-type=\"row\" class=\"row spaced-cols text-center\">\n<div  class=\"col-xs-12 col-sm-4 col-padding\"> <a data-cp-link=\"1\" href=\"http:\/\/waps.com.br\/w1\/index.php\/category\/solucoes\" target=\"_self\" rel=\"noopener\"><i  class=\"fa icon shadow-large-black aligncenter color1 fa-clone reverse round large\"><\/i><\/a> <\/p>\n<div  data-type=\"column\" class=\"\">\n<h5  class=\"\">Solu\u00e7\u00f5es<\/h5>\n<p  class=\"\">hospedagem, dom\u00ednios, websites<\/p>\n<\/div><\/div>\n<div  class=\"col-xs-12 col-sm-4 col-padding\"> <a data-cp-link=\"1\" href=\"http:\/\/waps.com.br\/w1\/index.php\/category\/conteudo\" target=\"_self\" rel=\"noopener\"><i  class=\"fa icon shadow-large-black aligncenter color1 fa-cogs reverse round large\"><\/i><\/a> <\/p>\n<div  data-type=\"column\" class=\"\">\n<h5  class=\"\">Conte\u00fado<\/h5>\n<p  class=\"\">Banco de dados, programa\u00e7\u00e3o, tecnologia<\/p>\n<\/div><\/div>\n<div  class=\"col-xs-12 col-sm-4 col-padding\"> <a data-cp-link=\"1\" href=\"http:\/\/waps.com.br\/w1\/index.php\/category\/solucoes\/sistemas\" target=\"_self\" rel=\"noopener\"><i  class=\"fa icon shadow-large-black aligncenter color1 fa-magic reverse round large\"><\/i><\/a> <\/p>\n<div  data-type=\"column\" class=\"\">\n<h5  class=\"\">Sistemas<\/h5>\n<p  class=\"\">Sistemas web<\/p>\n<\/div><\/div>\n<\/div><\/div>\n<\/div>\n<div  id=\"latest-news-1\" style=\"background-color: #f5fafd;\" data-label=\"Latest-news\" data-id=\"blog-section\" data-export-id=\"blog-section\" data-category=\"latest_news\" class=\"blog-section blog-section-standard content-section content-section-spacing\">\n<div  class=\"gridContainer\">\n<div  class=\"row\">\n<div  data-type=\"column\" class=\"section-title-col\">\n<h2  class=\"\">\u00daltimas publica\u00e7\u00f5es<\/h2>\n<\/p><\/div>\n<\/p><\/div>\n<div  class=\"row\">\n<div  data-type=\"row\" data-dynamic-columns=\"handled\" data-content-shortcode=\"mesmerize_latest_news\">[mesmerize_latest_news]<\/div>\n<\/div>\n<div  class=\"row\">\n<div  class=\"text-center\"> <a  class=\"button color1\" data-attr-shortcode=\"href:mesmerize_blog_link\" href=\"[mesmerize_blog_link]\">VEJA TODAS AS POSTAGENS<\/a><\/div>\n<\/p><\/div>\n<\/div>\n<\/div>\n<div  id=\"contact-1\" data-label=\"Contact\" data-id=\"contact-1\" data-export-id=\"contact-1\" data-category=\"contact\" class=\"contact-1 content-section content-section-spacing white-text\" data-parallax-depth=\"20\">\n<div  class=\"gridContainer\">\n<div  class=\"row text-center\">\n<div  class=\"section-title-col\" data-type=\"column\">\n<h2  class=\"\">Fale conosco<\/h2>\n<\/p><\/div>\n<\/p><\/div>\n<div  class=\"row text-center\">\n<div  class=\"col-xs-12 col-sm-8 col-sm-offset-2 contact-form-wrapper inline-info\">\n<div  class=\"card large-padding\">\n<div  class=\"\" data-content-shortcode=\"mesmerize_contact_form\" data-editable=\"true\">[mesmerize_contact_form]<\/div>\n<\/div><\/div>\n<\/div><\/div>\n<\/div>\n","protected":false},"excerpt":{"rendered":"<p>Solu\u00e7\u00f5es hospedagem, dom\u00ednios, websites Conte\u00fado Banco de dados, programa\u00e7\u00e3o, tecnologia Sistemas Sistemas web \u00daltimas publica\u00e7\u00f5es [mesmerize_latest_news] VEJA TODAS AS POSTAGENS Fale conosco [mesmerize_contact_form]<\/p>\n","protected":false},"author":1,"featured_media":0,"parent":0,"menu_order":0,"comment_status":"closed","ping_status":"closed","template":"page-templates\/homepage.php","meta":[],"_links":{"self":[{"href":"http:\/\/waps.com.br\/w1\/index.php\/wp-json\/wp\/v2\/pages\/179"}],"collection":[{"href":"http:\/\/waps.com.br\/w1\/index.php\/wp-json\/wp\/v2\/pages"}],"about":[{"href":"http:\/\/waps.com.br\/w1\/index.php\/wp-json\/wp\/v2\/types\/page"}],"author":[{"embeddable":true,"href":"http:\/\/waps.com.br\/w1\/index.php\/wp-json\/wp\/v2\/users\/1"}],"replies":[{"embeddable":true,"href":"http:\/\/waps.com.br\/w1\/index.php\/wp-json\/wp\/v2\/comments?post=179"}],"version-history":[{"count":3,"href":"http:\/\/waps.com.br\/w1\/index.php\/wp-json\/wp\/v2\/pages\/179\/revisions"}],"predecessor-version":[{"id":189,"href":"http:\/\/waps.com.br\/w1\/index.php\/wp-json\/wp\/v2\/pages\/179\/revisions\/189"}],"wp:attachment":[{"href":"http:\/\/waps.com.br\/w1\/index.php\/wp-json\/wp\/v2\/media?parent=179"}],"curies":[{"name":"wp","href":"https:\/\/api.w.org\/{rel}","templated":true}]}}